{"id":3598,"date":"2025-09-10T05:29:03","date_gmt":"2025-09-10T12:29:03","guid":{"rendered":"https:\/\/birgit-itse.com\/?post_type=product&#038;p=3598"},"modified":"2025-12-17T03:50:08","modified_gmt":"2025-12-17T11:50:08","slug":"loovuse-poolmaraton","status":"publish","type":"product","link":"https:\/\/www.birgit-itse.com\/et\/toode\/loovuse-poolmaraton\/","title":{"rendered":"Loovuse poolmaraton"},"content":{"rendered":"<div>\n<h3><b>Milleks osaleda? <\/b><\/h3>\n<div><i>1. Kirjutamisharjumuse tekkimine:<\/i><\/div>\n<div>&#8211; Igap\u00e4evased \u00fclesanded aitavad luua kirjutamisharjumust.<\/div>\n<div>&#8211; V\u00e4ikesed, kuid j\u00e4rjepidevad sammud aitavad kirjutamisprotsessi lihtsustada ja loomulikumaks muuta.<\/div>\n<div><\/div>\n<div><i>2. Loovuse arendamine:<\/i><\/div>\n<div><b>&#8211; <\/b>Harjutad kastist v\u00e4lja m\u00f5tlemist ja katsetad uusi l\u00e4henemisviise sh\u00a0\u00e4rilistele v\u00e4ljakutsetele ja probleemidele.<\/div>\n<div>&#8211; V\u00e4rskeid ideed ja inspiratsioon igap\u00e4evaseks tegevuseks.<\/div>\n<div><\/div>\n<div><i>3. Levinud kirjutamistakistuste \u00fcletamine:<\/i><\/div>\n<div><i>\u00a0&#8211;\u00a0<\/i>Kasvav enesekindlus oma loovuse v\u00e4ljendamisel.<\/div>\n<div>\u00a0&#8211; Kogukonna tugi ja tagasiside aitavad \u00fcletada hirmu kriitika ees.<\/div>\n<div>\u00a0&#8211; K\u00fcsimuste-vastuste sessioonid ja kogukonna tagasiside aitavad osalejate oskuse arendamisele kaasa.<\/div>\n<div><\/div>\n<div><i>4.\u00a0Paranenud turundusoskused:<\/i><\/div>\n<div><i>\u00a0&#8211;\u00a0<\/i>Loovus\u00fclesanded aitavad luua huvitavat ja kaasahaaravat sisu.<\/div>\n<div>\u00a0&#8211; Regulaarne loov\u00fclesannete tegemine aitab leida uusi ja v\u00e4rskeid l\u00e4henemisviise turundusstrateegiale.<\/div>\n<div><\/div>\n<div><i>5.\u00a0T\u00f5husam kommunikatsioon:<\/i><\/div>\n<div><i>\u00a0&#8211;\u00a0<\/i>Regulaarne kirjutamine ja loovus\u00fclesannete lahendamine aitavad paremini s\u00f5nastada ja edastada ettev\u00f5tte s\u00f5numeid ja v\u00e4\u00e4rtusi.<\/div>\n<div>\u00a0&#8211; Loovus\u00fclesanded toetavad sinu oskusi kliendikommunikatsioonis ja suhete loomisel.<\/div>\n<div><\/div>\n<div><i>6. Isiklik areng ja heaolu:<\/i><\/div>\n<div><i>\u00a0&#8211;<\/i>\u00a0Loovus\u00fclesannete t\u00e4itmine v\u00f5ib olla l\u00f5\u00f5gastav ja stressi v\u00e4hendav tegevus.<\/div>\n<div>\u00a0&#8211; Igap\u00e4evane loovussprint toetab tasakaalu leidmist t\u00f6\u00f6 ja isikliku elu vahel, pakkudes v\u00f5imalust ennast k\u00f5igest muust v\u00e4lja l\u00fclitada.<\/div>\n<\/div>\n<div><\/div>\n<div>\n<h3><b><i>Miks on loovuse arendamine oluline?\u00a0<\/i><\/b><\/h3>\n<div>See aitab ettev\u00f5tjatel olla paindlikum ja kohanemisv\u00f5imelisem muutuvas \u00e4rikeskkonnas.\u00a0 Suudad end paremini panna kliendi rolli ja m\u00e4rgata lisaks tema probleemidele ka tema vajadusi ja unistusi.<\/div>\n<div><\/div>\n<div>Osalemine loovuse poolmaratonil\u00a0v\u00f5imaldab sul kohtuda teiste ettev\u00f5tjatega, loovinimestega ja luua uusi \u00e4rikontakte. Omavaheline suhtlemine ja ideede\u00a0jagamine v\u00f5ib viia uute koost\u00f6\u00f6v\u00f5imalusteni.<\/div>\n<div><\/div>\n<div><u>Miks siis ikkagi poolmaraton?<\/u> Kuna koos kirjutamine kestab 21 p\u00e4eva, aga\u00a0maratonidistants on 42. \ud83d\ude42<\/div>\n<\/div>\n<div>Sind ootab kinnine kogukond, kus lisaks loov\u00fclesannetele on ka kord n\u00e4dalas\u00a0otse\u00fclekandena k\u00fcsimused-vastused.<\/div>\n<div>\n<div>Nende vahel, kes <b>iga p\u00e4ev <\/b>\u00fclesande \u00e4ra teevad ja selle ka osalejate kogukonda postitavad, l\u00e4hevad loosi auhinnad.<\/div>\n<\/div>\n<div><\/div>\n<div>Loovuse poolmaraton stardib 01.02.2026.<\/div>\n<div><\/div>\n<div><\/div>\n<div><b>HIND:\u00a0<\/b><\/div>\n<div>\n<p>T\u00e4ishind 44\u00a3 ehk 52.18\u20ac<\/p>\n<\/div>\n<div><\/div>","protected":false},"excerpt":{"rendered":"<div>Poolmaratoni eesm\u00e4rk on tekitada kirjutamisharjumus ja aidata \u00fcle saada levinud takistustest loomuomase loovuse v\u00e4ljendamisel.<\/div>\n<div><\/div>\n<div>See on p\u00f5nev ja inspireeriv. See on loovuse poolmaraton!<\/div>\n<div>21 p\u00e4eval ootab sind kinnises kogukonnas \u00fcks loovus\u00fclesanne, mille tegemine v\u00f5tab maksimaalselt 15 minutit sinu p\u00e4evast.<\/div>\n<div><\/div>","protected":false},"featured_media":3694,"template":"","meta":[],"product_brand":[],"product_cat":[289],"product_tag":[],"class_list":{"0":"post-3598","1":"product","2":"type-product","3":"status-publish","4":"has-post-thumbnail","6":"product_cat-courses","8":"entry","9":"has-media","11":"first","12":"instock","13":"virtual","14":"taxable","15":"purchasable","16":"product-type-simple","17":"has-product-nav","18":"col","19":"span_1_of_3","20":"owp-content-center","21":"owp-thumbs-layout-horizontal","22":"owp-btn-normal","23":"owp-tabs-layout-horizontal","24":"has-no-thumbnails"},"yoast_head":"<!-- This site is optimized with the Yoast SEO plugin v27.4 - https:\/\/yoast.com\/product\/yoast-seo-wordpress\/ -->\n<title>Loovuse poolmaraton - Birgit Itse - Be Inspired<\/title>\n<meta name=\"description\" content=\"Poolmaratoni eesm\u00e4rk on tekitada kirjutamisharjumus ja aidata \u00fcle saada levinud takistustest loomuomase loovuse v\u00e4ljendamisel.\" \/>\n<meta name=\"robots\" content=\"index, follow, max-snippet:-1, max-image-preview:large, max-video-preview:-1\" \/>\n<link rel=\"canonical\" href=\"https:\/\/www.birgit-itse.com\/et\/toode\/loovuse-poolmaraton\/\" \/>\n<meta property=\"og:locale\" content=\"et_EE\" \/>\n<meta property=\"og:type\" content=\"article\" \/>\n<meta property=\"og:title\" content=\"Loovuse poolmaraton - Birgit Itse - Be Inspired\" \/>\n<meta property=\"og:description\" content=\"Poolmaratoni eesm\u00e4rk on tekitada kirjutamisharjumus ja aidata \u00fcle saada levinud takistustest loomuomase loovuse v\u00e4ljendamisel.\" \/>\n<meta property=\"og:url\" content=\"https:\/\/www.birgit-itse.com\/et\/toode\/loovuse-poolmaraton\/\" \/>\n<meta property=\"og:site_name\" content=\"Birgit Itse - Be Inspired\" \/>\n<meta property=\"article:modified_time\" content=\"2025-12-17T11:50:08+00:00\" \/>\n<meta property=\"og:image\" content=\"https:\/\/birgit-itse.com\/wp-content\/uploads\/2025\/09\/1.-21.-veebruar-2026-Loovuse-poolmaraton.png\" \/>\n\t<meta property=\"og:image:width\" content=\"940\" \/>\n\t<meta property=\"og:image:height\" content=\"940\" \/>\n\t<meta property=\"og:image:type\" content=\"image\/png\" \/>\n<meta name=\"twitter:card\" content=\"summary_large_image\" \/>\n<meta name=\"twitter:label1\" content=\"Est. reading time\" \/>\n\t<meta name=\"twitter:data1\" content=\"2 minutit\" \/>\n<script type=\"application\/ld+json\" class=\"yoast-schema-graph\">{\"@context\":\"https:\\\/\\\/schema.org\",\"@graph\":[{\"@type\":\"WebPage\",\"@id\":\"https:\\\/\\\/www.birgit-itse.com\\\/product\\\/loovuse-poolmaraton\\\/\",\"url\":\"https:\\\/\\\/www.birgit-itse.com\\\/product\\\/loovuse-poolmaraton\\\/\",\"name\":\"Loovuse poolmaraton - Birgit Itse - Be Inspired\",\"isPartOf\":{\"@id\":\"https:\\\/\\\/birgit-itse.com\\\/#website\"},\"primaryImageOfPage\":{\"@id\":\"https:\\\/\\\/www.birgit-itse.com\\\/product\\\/loovuse-poolmaraton\\\/#primaryimage\"},\"image\":{\"@id\":\"https:\\\/\\\/www.birgit-itse.com\\\/product\\\/loovuse-poolmaraton\\\/#primaryimage\"},\"thumbnailUrl\":\"https:\\\/\\\/birgit-itse.com\\\/wp-content\\\/uploads\\\/2025\\\/09\\\/1.-21.-veebruar-2026-Loovuse-poolmaraton.png\",\"datePublished\":\"2025-09-10T12:29:03+00:00\",\"dateModified\":\"2025-12-17T11:50:08+00:00\",\"description\":\"Poolmaratoni eesm\u00e4rk on tekitada kirjutamisharjumus ja aidata \u00fcle saada levinud takistustest loomuomase loovuse v\u00e4ljendamisel.\",\"breadcrumb\":{\"@id\":\"https:\\\/\\\/www.birgit-itse.com\\\/product\\\/loovuse-poolmaraton\\\/#breadcrumb\"},\"inLanguage\":\"et\",\"potentialAction\":[{\"@type\":\"ReadAction\",\"target\":[\"https:\\\/\\\/www.birgit-itse.com\\\/product\\\/loovuse-poolmaraton\\\/\"]}]},{\"@type\":\"ImageObject\",\"inLanguage\":\"et\",\"@id\":\"https:\\\/\\\/www.birgit-itse.com\\\/product\\\/loovuse-poolmaraton\\\/#primaryimage\",\"url\":\"https:\\\/\\\/birgit-itse.com\\\/wp-content\\\/uploads\\\/2025\\\/09\\\/1.-21.-veebruar-2026-Loovuse-poolmaraton.png\",\"contentUrl\":\"https:\\\/\\\/birgit-itse.com\\\/wp-content\\\/uploads\\\/2025\\\/09\\\/1.-21.-veebruar-2026-Loovuse-poolmaraton.png\",\"width\":940,\"height\":940,\"caption\":\"Loovuse poolmaraton\"},{\"@type\":\"BreadcrumbList\",\"@id\":\"https:\\\/\\\/www.birgit-itse.com\\\/product\\\/loovuse-poolmaraton\\\/#breadcrumb\",\"itemListElement\":[{\"@type\":\"ListItem\",\"position\":1,\"name\":\"Home\",\"item\":\"https:\\\/\\\/birgit-itse.com\\\/\"},{\"@type\":\"ListItem\",\"position\":2,\"name\":\"Shop\",\"item\":\"https:\\\/\\\/www.birgit-itse.com\\\/et\\\/shop\\\/\"},{\"@type\":\"ListItem\",\"position\":3,\"name\":\"Loovuse poolmaraton\"}]},{\"@type\":\"WebSite\",\"@id\":\"https:\\\/\\\/birgit-itse.com\\\/#website\",\"url\":\"https:\\\/\\\/birgit-itse.com\\\/\",\"name\":\"Birgit Itse - Be Inspired\",\"description\":\"Ghostwriter, Author, Keynote Speaker\",\"publisher\":{\"@id\":\"https:\\\/\\\/birgit-itse.com\\\/#organization\"},\"potentialAction\":[{\"@type\":\"SearchAction\",\"target\":{\"@type\":\"EntryPoint\",\"urlTemplate\":\"https:\\\/\\\/birgit-itse.com\\\/?s={search_term_string}\"},\"query-input\":{\"@type\":\"PropertyValueSpecification\",\"valueRequired\":true,\"valueName\":\"search_term_string\"}}],\"inLanguage\":\"et\"},{\"@type\":\"Organization\",\"@id\":\"https:\\\/\\\/birgit-itse.com\\\/#organization\",\"name\":\"Birgit Itse - Be Inspired\",\"url\":\"https:\\\/\\\/birgit-itse.com\\\/\",\"logo\":{\"@type\":\"ImageObject\",\"inLanguage\":\"et\",\"@id\":\"https:\\\/\\\/birgit-itse.com\\\/#\\\/schema\\\/logo\\\/image\\\/\",\"url\":\"https:\\\/\\\/birgit-itse.com\\\/wp-content\\\/uploads\\\/2020\\\/10\\\/cropped-Birgit-name-logo-orange.png\",\"contentUrl\":\"https:\\\/\\\/birgit-itse.com\\\/wp-content\\\/uploads\\\/2020\\\/10\\\/cropped-Birgit-name-logo-orange.png\",\"width\":1326,\"height\":841,\"caption\":\"Birgit Itse - Be Inspired\"},\"image\":{\"@id\":\"https:\\\/\\\/birgit-itse.com\\\/#\\\/schema\\\/logo\\\/image\\\/\"}}]}<\/script>\n<!-- \/ Yoast SEO plugin. -->","yoast_head_json":{"title":"Loovuse poolmaraton - Birgit Itse - Be Inspired","description":"Poolmaratoni eesm\u00e4rk on tekitada kirjutamisharjumus ja aidata \u00fcle saada levinud takistustest loomuomase loovuse v\u00e4ljendamisel.","robots":{"index":"index","follow":"follow","max-snippet":"max-snippet:-1","max-image-preview":"max-image-preview:large","max-video-preview":"max-video-preview:-1"},"canonical":"https:\/\/www.birgit-itse.com\/et\/toode\/loovuse-poolmaraton\/","og_locale":"et_EE","og_type":"article","og_title":"Loovuse poolmaraton - Birgit Itse - Be Inspired","og_description":"Poolmaratoni eesm\u00e4rk on tekitada kirjutamisharjumus ja aidata \u00fcle saada levinud takistustest loomuomase loovuse v\u00e4ljendamisel.","og_url":"https:\/\/www.birgit-itse.com\/et\/toode\/loovuse-poolmaraton\/","og_site_name":"Birgit Itse - Be Inspired","article_modified_time":"2025-12-17T11:50:08+00:00","og_image":[{"width":940,"height":940,"url":"https:\/\/birgit-itse.com\/wp-content\/uploads\/2025\/09\/1.-21.-veebruar-2026-Loovuse-poolmaraton.png","type":"image\/png"}],"twitter_card":"summary_large_image","twitter_misc":{"Est. reading time":"2 minutit"},"schema":{"@context":"https:\/\/schema.org","@graph":[{"@type":"WebPage","@id":"https:\/\/www.birgit-itse.com\/product\/loovuse-poolmaraton\/","url":"https:\/\/www.birgit-itse.com\/product\/loovuse-poolmaraton\/","name":"Loovuse poolmaraton - Birgit Itse - Be Inspired","isPartOf":{"@id":"https:\/\/birgit-itse.com\/#website"},"primaryImageOfPage":{"@id":"https:\/\/www.birgit-itse.com\/product\/loovuse-poolmaraton\/#primaryimage"},"image":{"@id":"https:\/\/www.birgit-itse.com\/product\/loovuse-poolmaraton\/#primaryimage"},"thumbnailUrl":"https:\/\/birgit-itse.com\/wp-content\/uploads\/2025\/09\/1.-21.-veebruar-2026-Loovuse-poolmaraton.png","datePublished":"2025-09-10T12:29:03+00:00","dateModified":"2025-12-17T11:50:08+00:00","description":"Poolmaratoni eesm\u00e4rk on tekitada kirjutamisharjumus ja aidata \u00fcle saada levinud takistustest loomuomase loovuse v\u00e4ljendamisel.","breadcrumb":{"@id":"https:\/\/www.birgit-itse.com\/product\/loovuse-poolmaraton\/#breadcrumb"},"inLanguage":"et","potentialAction":[{"@type":"ReadAction","target":["https:\/\/www.birgit-itse.com\/product\/loovuse-poolmaraton\/"]}]},{"@type":"ImageObject","inLanguage":"et","@id":"https:\/\/www.birgit-itse.com\/product\/loovuse-poolmaraton\/#primaryimage","url":"https:\/\/birgit-itse.com\/wp-content\/uploads\/2025\/09\/1.-21.-veebruar-2026-Loovuse-poolmaraton.png","contentUrl":"https:\/\/birgit-itse.com\/wp-content\/uploads\/2025\/09\/1.-21.-veebruar-2026-Loovuse-poolmaraton.png","width":940,"height":940,"caption":"Loovuse poolmaraton"},{"@type":"BreadcrumbList","@id":"https:\/\/www.birgit-itse.com\/product\/loovuse-poolmaraton\/#breadcrumb","itemListElement":[{"@type":"ListItem","position":1,"name":"Home","item":"https:\/\/birgit-itse.com\/"},{"@type":"ListItem","position":2,"name":"Shop","item":"https:\/\/www.birgit-itse.com\/et\/shop\/"},{"@type":"ListItem","position":3,"name":"Loovuse poolmaraton"}]},{"@type":"WebSite","@id":"https:\/\/birgit-itse.com\/#website","url":"https:\/\/birgit-itse.com\/","name":"Birgit Itse - Be Inspired","description":"Ghostwriter, Author, Keynote Speaker","publisher":{"@id":"https:\/\/birgit-itse.com\/#organization"},"potentialAction":[{"@type":"SearchAction","target":{"@type":"EntryPoint","urlTemplate":"https:\/\/birgit-itse.com\/?s={search_term_string}"},"query-input":{"@type":"PropertyValueSpecification","valueRequired":true,"valueName":"search_term_string"}}],"inLanguage":"et"},{"@type":"Organization","@id":"https:\/\/birgit-itse.com\/#organization","name":"Birgit Itse - Be Inspired","url":"https:\/\/birgit-itse.com\/","logo":{"@type":"ImageObject","inLanguage":"et","@id":"https:\/\/birgit-itse.com\/#\/schema\/logo\/image\/","url":"https:\/\/birgit-itse.com\/wp-content\/uploads\/2020\/10\/cropped-Birgit-name-logo-orange.png","contentUrl":"https:\/\/birgit-itse.com\/wp-content\/uploads\/2020\/10\/cropped-Birgit-name-logo-orange.png","width":1326,"height":841,"caption":"Birgit Itse - Be Inspired"},"image":{"@id":"https:\/\/birgit-itse.com\/#\/schema\/logo\/image\/"}}]}},"_links":{"self":[{"href":"https:\/\/www.birgit-itse.com\/et\/wp-json\/wp\/v2\/product\/3598","targetHints":{"allow":["GET"]}}],"collection":[{"href":"https:\/\/www.birgit-itse.com\/et\/wp-json\/wp\/v2\/product"}],"about":[{"href":"https:\/\/www.birgit-itse.com\/et\/wp-json\/wp\/v2\/types\/product"}],"wp:featuredmedia":[{"embeddable":true,"href":"https:\/\/www.birgit-itse.com\/et\/wp-json\/wp\/v2\/media\/3694"}],"wp:attachment":[{"href":"https:\/\/www.birgit-itse.com\/et\/wp-json\/wp\/v2\/media?parent=3598"}],"wp:term":[{"taxonomy":"product_brand","embeddable":true,"href":"https:\/\/www.birgit-itse.com\/et\/wp-json\/wp\/v2\/product_brand?post=3598"},{"taxonomy":"product_cat","embeddable":true,"href":"https:\/\/www.birgit-itse.com\/et\/wp-json\/wp\/v2\/product_cat?post=3598"},{"taxonomy":"product_tag","embeddable":true,"href":"https:\/\/www.birgit-itse.com\/et\/wp-json\/wp\/v2\/product_tag?post=3598"}],"curies":[{"name":"wp","href":"https:\/\/api.w.org\/{rel}","templated":true}]}}